{"id":76,"date":"2021-01-04T16:10:44","date_gmt":"2021-01-04T15:10:44","guid":{"rendered":"https:\/\/waxup.hu\/?page_id=76"},"modified":"2024-10-03T18:09:41","modified_gmt":"2024-10-03T16:09:41","slug":"lemondasi-szabalyzat","status":"publish","type":"page","link":"https:\/\/waxup.hu\/en\/lemondasi-szabalyzat\/","title":{"rendered":"Lemond\u00e1si szab\u00e1lyzat"},"content":{"rendered":"<div data-elementor-type=\"wp-page\" data-elementor-id=\"76\" class=\"elementor elementor-76\">\n\t\t\t\t\t\t<div class=\"elementor-inner\">\n\t\t\t\t<div class=\"elementor-section-wrap\">\n\t\t\t\t\t\t\t\t\t<section class=\"elementor-section elementor-top-section elementor-element elementor-element-4165734 elementor-section-boxed elementor-section-height-default elementor-section-height-default\" data-id=\"4165734\" data-element_type=\"section\">\n\t\t\t\t\t\t<div class=\"elementor-container elementor-column-gap-default\">\n\t\t\t\t\t\t\t<div class=\"elementor-row\">\n\t\t\t\t\t<div class=\"elementor-column elementor-col-100 elementor-top-column elementor-element elementor-element-894ae28\" data-id=\"894ae28\" data-element_type=\"column\">\n\t\t\t<div class=\"elementor-column-wrap elementor-element-populated\">\n\t\t\t\t\t\t\t<div class=\"elementor-widget-wrap\">\n\t\t\t\t\t\t<div class=\"elementor-element elementor-element-49ba345 elementor-widget elementor-widget-text-editor\" data-id=\"49ba345\" data-element_type=\"widget\" data-widget_type=\"text-editor.default\">\n\t\t\t\t<div class=\"elementor-widget-container\">\n\t\t\t\t\t\t\t\t<div class=\"elementor-text-editor elementor-clearfix\">\n\t\t\t\t<h2>Wax Up Cancellation Policy<\/h2><p>Cancellation Policy: You can cancel your booked appointment free of charge up to 12 hours before the scheduled treatment. If you cancel within 12 hours of the appointment, the full amount of the treatment will be charged.<\/p><p>Booking Confirmation: If you do not receive a confirmation of your booking, please check the email address provided and also your Spam folder. To avoid any misunderstandings, we kindly ask you to always review the details carefully to ensure that everything is correctly recorded according to your booking intentions, such as the treatment date, time, and the service booked.<\/p><p>Time Zones: Please make sure to check which time zone your booking is in to ensure you arrive at the correct time.<\/p><p>No-Show Policy: Please ensure you arrive on time for your scheduled appointment, as no-shows or last-minute cancellations affect our operations and other guests. In the event of a no-show, the full cost of the treatment will be charged, which must be paid at your next appointment in addition to the service fee. Please keep in mind that our salon\u2019s revenue depends on starting and completing booked treatments on time, which is why your punctuality is important.<\/p><p>Thank you for your understanding and cooperation in helping us provide the best possible service.<\/p><p>Thank you for choosing Wax Up Salon!<br \/>Please let us know if you have any questions or concerns regarding our cancellation policy.<\/p><p>Email: info@waxup.hu<br \/>Tel: +36 30 275 9008\u00a0<\/p>\t\t\t\t\t<\/div>\n\t\t\t\t\t\t<\/div>\n\t\t\t\t<\/div>\n\t\t\t\t\t\t<\/div>\n\t\t\t\t\t<\/div>\n\t\t<\/div>\n\t\t\t\t\t\t\t\t<\/div>\n\t\t\t\t\t<\/div>\n\t\t<\/section>\n\t\t\t\t\t\t\t\t\t<\/div>\n\t\t\t<\/div>\n\t\t\t\t\t<\/div>","protected":false},"excerpt":{"rendered":"<p>Wax Up Szalon Lemond\u00e1si Szab\u00e1lyzat Lemond\u00e1s: Lefoglalt id\u0151pontodat ingyenesen legk\u00e9s\u0151bb a lefoglalt kezel\u00e9s megkezd\u00e9se el\u0151tt 12 \u00f3r\u00e1val tudod lemondani. Amennyiben az id\u0151pontodat 12 \u00f3r\u00e1n bel\u00fcl mondod le, a kezel\u00e9s teljes \u00f6sszeg\u00e9t felsz\u00e1moljuk. Foglal\u00e1sok visszaigazol\u00e1sa: Ha nem kapsz visszaigazol\u00e1st foglal\u00e1sodr\u00f3l, k\u00e9r\u00fcnk, hogy ellen\u0151rizd a megadott email c\u00edmet \u00e9s a Lev\u00e9lszem\u00e9t (Spam) mapp\u00e1t is. A f\u00e9lre\u00e9rt\u00e9sek elker\u00fcl\u00e9se [&hellip;]<\/p>","protected":false},"author":9,"featured_media":0,"parent":0,"menu_order":0,"comment_status":"closed","ping_status":"closed","template":"elementor_header_footer","meta":[],"_links":{"self":[{"href":"https:\/\/waxup.hu\/en\/wp-json\/wp\/v2\/pages\/76"}],"collection":[{"href":"https:\/\/waxup.hu\/en\/wp-json\/wp\/v2\/pages"}],"about":[{"href":"https:\/\/waxup.hu\/en\/wp-json\/wp\/v2\/types\/page"}],"author":[{"embeddable":true,"href":"https:\/\/waxup.hu\/en\/wp-json\/wp\/v2\/users\/9"}],"replies":[{"embeddable":true,"href":"https:\/\/waxup.hu\/en\/wp-json\/wp\/v2\/comments?post=76"}],"version-history":[{"count":71,"href":"https:\/\/waxup.hu\/en\/wp-json\/wp\/v2\/pages\/76\/revisions"}],"predecessor-version":[{"id":3826,"href":"https:\/\/waxup.hu\/en\/wp-json\/wp\/v2\/pages\/76\/revisions\/3826"}],"wp:attachment":[{"href":"https:\/\/waxup.hu\/en\/wp-json\/wp\/v2\/media?parent=76"}],"curies":[{"name":"wp","href":"https:\/\/api.w.org\/{rel}","templated":true}]}}