{"id":3468,"date":"2024-10-01T15:49:55","date_gmt":"2024-10-01T13:49:55","guid":{"rendered":"https:\/\/waxup.hu\/?page_id=3468"},"modified":"2024-10-03T23:23:00","modified_gmt":"2024-10-03T21:23:00","slug":"masszazs","status":"publish","type":"page","link":"https:\/\/waxup.hu\/en\/masszazs\/","title":{"rendered":""},"content":{"rendered":"<div data-elementor-type=\"wp-page\" data-elementor-id=\"3468\" class=\"elementor elementor-3468\">\n\t\t\t\t\t\t<div class=\"elementor-inner\">\n\t\t\t\t<div class=\"elementor-section-wrap\">\n\t\t\t\t\t\t\t\t\t<section class=\"elementor-section elementor-top-section elementor-element elementor-element-65cc4ad elementor-section-boxed elementor-section-height-default elementor-section-height-default\" data-id=\"65cc4ad\" data-element_type=\"section\" data-settings=\"{&quot;background_background&quot;:&quot;gradient&quot;}\">\n\t\t\t\t\t\t<div class=\"elementor-container elementor-column-gap-default\">\n\t\t\t\t\t\t\t<div class=\"elementor-row\">\n\t\t\t\t\t<div class=\"elementor-column elementor-col-100 elementor-top-column elementor-element elementor-element-07bbbc7\" data-id=\"07bbbc7\" data-element_type=\"column\">\n\t\t\t<div class=\"elementor-column-wrap elementor-element-populated\">\n\t\t\t\t\t\t\t<div class=\"elementor-widget-wrap\">\n\t\t\t\t\t\t<div class=\"elementor-element elementor-element-90ae11e elementor-widget elementor-widget-heading\" data-id=\"90ae11e\" data-element_type=\"widget\" data-widget_type=\"heading.default\">\n\t\t\t\t<div class=\"elementor-widget-container\">\n\t\t\t<h1 class=\"elementor-heading-title elementor-size-default\">SPECIALISED MASSAGES<\/h1>\t\t<\/div>\n\t\t\t\t<\/div>\n\t\t\t\t\t\t<\/div>\n\t\t\t\t\t<\/div>\n\t\t<\/div>\n\t\t\t\t\t\t\t\t<\/div>\n\t\t\t\t\t<\/div>\n\t\t<\/section>\n\t\t\t\t<section class=\"elementor-section elementor-top-section elementor-element elementor-element-e2fa88d elementor-section-boxed elementor-section-height-default elementor-section-height-default\" data-id=\"e2fa88d\" data-element_type=\"section\">\n\t\t\t\t\t\t<div class=\"elementor-container elementor-column-gap-default\">\n\t\t\t\t\t\t\t<div class=\"elementor-row\">\n\t\t\t\t\t<div class=\"elementor-column elementor-col-100 elementor-top-column elementor-element elementor-element-9c63ab3\" data-id=\"9c63ab3\" data-element_type=\"column\">\n\t\t\t<div class=\"elementor-column-wrap elementor-element-populated\">\n\t\t\t\t\t\t\t<div class=\"elementor-widget-wrap\">\n\t\t\t\t\t\t<div class=\"elementor-element elementor-element-03d564f elementor-widget elementor-widget-image\" data-id=\"03d564f\" data-element_type=\"widget\" data-widget_type=\"image.default\">\n\t\t\t\t<div class=\"elementor-widget-container\">\n\t\t\t\t\t\t\t\t<div class=\"elementor-image\">\n\t\t\t\t\t\t\t\t\t\t\t\t<img decoding=\"async\" width=\"800\" height=\"338\" src=\"https:\/\/waxup.hu\/wp-content\/uploads\/2024\/10\/Amelia_Massage-Body60-2560x1080-2-1024x432.png\" class=\"attachment-large size-large\" alt=\"\" loading=\"lazy\" srcset=\"https:\/\/waxup.hu\/wp-content\/uploads\/2024\/10\/Amelia_Massage-Body60-2560x1080-2-1024x432.png 1024w, https:\/\/waxup.hu\/wp-content\/uploads\/2024\/10\/Amelia_Massage-Body60-2560x1080-2-300x127.png 300w, https:\/\/waxup.hu\/wp-content\/uploads\/2024\/10\/Amelia_Massage-Body60-2560x1080-2-768x324.png 768w, https:\/\/waxup.hu\/wp-content\/uploads\/2024\/10\/Amelia_Massage-Body60-2560x1080-2-1536x648.png 1536w, https:\/\/waxup.hu\/wp-content\/uploads\/2024\/10\/Amelia_Massage-Body60-2560x1080-2-2048x864.png 2048w, https:\/\/waxup.hu\/wp-content\/uploads\/2024\/10\/Amelia_Massage-Body60-2560x1080-2-18x8.png 18w\" sizes=\"(max-width: 800px) 100vw, 800px\" \/>\t\t\t\t\t\t\t\t\t\t\t\t\t\t<\/div>\n\t\t\t\t\t\t<\/div>\n\t\t\t\t<\/div>\n\t\t\t\t\t\t<\/div>\n\t\t\t\t\t<\/div>\n\t\t<\/div>\n\t\t\t\t\t\t\t\t<\/div>\n\t\t\t\t\t<\/div>\n\t\t<\/section>\n\t\t\t\t<section class=\"elementor-section elementor-top-section elementor-element elementor-element-fdeeed9 elementor-section-boxed elementor-section-height-default elementor-section-height-default\" data-id=\"fdeeed9\" data-element_type=\"section\" data-settings=\"{&quot;shape_divider_bottom&quot;:&quot;opacity-tilt&quot;}\">\n\t\t\t\t\t<div class=\"elementor-shape elementor-shape-bottom\" data-negative=\"false\">\n\t\t\t<svg xmlns=\"http:\/\/www.w3.org\/2000\/svg\" viewbox=\"0 0 2600 131.1\" preserveaspectratio=\"none\">\n\t<path class=\"elementor-shape-fill\" d=\"M0 0L2600 0 2600 69.1 0 0z\"\/>\n\t<path class=\"elementor-shape-fill\" style=\"opacity:0.5\" d=\"M0 0L2600 0 2600 69.1 0 69.1z\"\/>\n\t<path class=\"elementor-shape-fill\" style=\"opacity:0.25\" d=\"M2600 0L0 0 0 130.1 2600 69.1z\"\/>\n<\/svg>\t\t<\/div>\n\t\t\t\t\t<div class=\"elementor-container elementor-column-gap-default\">\n\t\t\t\t\t\t\t<div class=\"elementor-row\">\n\t\t\t\t\t<div class=\"elementor-column elementor-col-100 elementor-top-column elementor-element elementor-element-f621adc\" data-id=\"f621adc\" data-element_type=\"column\">\n\t\t\t<div class=\"elementor-column-wrap elementor-element-populated\">\n\t\t\t\t\t\t\t<div class=\"elementor-widget-wrap\">\n\t\t\t\t\t\t<div class=\"elementor-element elementor-element-9ff9bd1 elementor-widget elementor-widget-heading\" data-id=\"9ff9bd1\" data-element_type=\"widget\" data-widget_type=\"heading.default\">\n\t\t\t\t<div class=\"elementor-widget-container\">\n\t\t\t<h2 class=\"elementor-heading-title elementor-size-default\">WELCOME TO WAX UP SALON - YOUR SANCTUARY FOR WELL-BEING AND REJUVENATION!<\/h2>\t\t<\/div>\n\t\t\t\t<\/div>\n\t\t\t\t<div class=\"elementor-element elementor-element-98945b8 elementor-widget elementor-widget-text-editor\" data-id=\"98945b8\" data-element_type=\"widget\" data-widget_type=\"text-editor.default\">\n\t\t\t\t<div class=\"elementor-widget-container\">\n\t\t\t\t\t\t\t\t<div class=\"elementor-text-editor elementor-clearfix\">\n\t\t\t\tAt Wax Up Salon, we believe that true beauty radiates from within. That's why our expert therapist provides customized massage treatments that cater to your unique needs. Our diverse range of massage techniques is designed to harmonise your mind, body, and soul, unlocking a world of benefits that promote overall well-being.\t\t\t\t\t<\/div>\n\t\t\t\t\t\t<\/div>\n\t\t\t\t<\/div>\n\t\t\t\t\t\t<\/div>\n\t\t\t\t\t<\/div>\n\t\t<\/div>\n\t\t\t\t\t\t\t\t<\/div>\n\t\t\t\t\t<\/div>\n\t\t<\/section>\n\t\t\t\t<section class=\"elementor-section elementor-top-section elementor-element elementor-element-085703a elementor-section-boxed elementor-section-height-default elementor-section-height-default\" data-id=\"085703a\" data-element_type=\"section\">\n\t\t\t\t\t\t<div class=\"elementor-container elementor-column-gap-default\">\n\t\t\t\t\t\t\t<div class=\"elementor-row\">\n\t\t\t\t\t<div class=\"elementor-column elementor-col-50 elementor-top-column elementor-element elementor-element-cafc6b5\" data-id=\"cafc6b5\" data-element_type=\"column\">\n\t\t\t<div class=\"elementor-column-wrap elementor-element-populated\">\n\t\t\t\t\t\t\t<div class=\"elementor-widget-wrap\">\n\t\t\t\t\t\t<div class=\"elementor-element elementor-element-af21b49 elementor-widget elementor-widget-heading\" data-id=\"af21b49\" data-element_type=\"widget\" data-widget_type=\"heading.default\">\n\t\t\t\t<div class=\"elementor-widget-container\">\n\t\t\t<h2 class=\"elementor-heading-title elementor-size-default\">INDULGE IN OUR VARIOUS OFFERINGS:<\/h2>\t\t<\/div>\n\t\t\t\t<\/div>\n\t\t\t\t<div class=\"elementor-element elementor-element-644ab67 limited-borders elementor-widget elementor-widget-text-editor\" data-id=\"644ab67\" data-element_type=\"widget\" data-widget_type=\"text-editor.default\">\n\t\t\t\t<div class=\"elementor-widget-container\">\n\t\t\t\t\t\t\t\t<div class=\"elementor-text-editor elementor-clearfix\">\n\t\t\t\t<strong>RELAX BACK MASSAGE (30\/45 MIN)<\/strong> Techniques focused on relaxation, pain relief, and easing muscle tension.\t\t\t\t\t<\/div>\n\t\t\t\t\t\t<\/div>\n\t\t\t\t<\/div>\n\t\t\t\t<div class=\"elementor-element elementor-element-8678384 limited-borders elementor-widget elementor-widget-text-editor\" data-id=\"8678384\" data-element_type=\"widget\" data-widget_type=\"text-editor.default\">\n\t\t\t\t<div class=\"elementor-widget-container\">\n\t\t\t\t\t\t\t\t<div class=\"elementor-text-editor elementor-clearfix\">\n\t\t\t\t<strong>RELAX FULL BODY MASSAGE (60 MIN)<\/strong> A comprehensive treatment promoting calmness.\t\t\t\t\t<\/div>\n\t\t\t\t\t\t<\/div>\n\t\t\t\t<\/div>\n\t\t\t\t\t\t<\/div>\n\t\t\t\t\t<\/div>\n\t\t<\/div>\n\t\t\t\t<div class=\"elementor-column elementor-col-50 elementor-top-column elementor-element elementor-element-937421b\" data-id=\"937421b\" data-element_type=\"column\">\n\t\t\t<div class=\"elementor-column-wrap elementor-element-populated\">\n\t\t\t\t\t\t\t<div class=\"elementor-widget-wrap\">\n\t\t\t\t\t\t<div class=\"elementor-element elementor-element-a4edf51 elementor-widget elementor-widget-image\" data-id=\"a4edf51\" data-element_type=\"widget\" data-widget_type=\"image.default\">\n\t\t\t\t<div class=\"elementor-widget-container\">\n\t\t\t\t\t\t\t\t<div class=\"elementor-image\">\n\t\t\t\t\t\t\t\t\t\t\t\t<img decoding=\"async\" width=\"800\" height=\"800\" src=\"https:\/\/waxup.hu\/wp-content\/uploads\/2024\/10\/EN-Deep-Tissue_adam.png\" class=\"attachment-large size-large\" alt=\"\" loading=\"lazy\" srcset=\"https:\/\/waxup.hu\/wp-content\/uploads\/2024\/10\/EN-Deep-Tissue_adam.png 1080w, https:\/\/waxup.hu\/wp-content\/uploads\/2024\/10\/EN-Deep-Tissue_adam-300x300.png 300w, https:\/\/waxup.hu\/wp-content\/uploads\/2024\/10\/EN-Deep-Tissue_adam-1024x1024.png 1024w, https:\/\/waxup.hu\/wp-content\/uploads\/2024\/10\/EN-Deep-Tissue_adam-150x150.png 150w, https:\/\/waxup.hu\/wp-content\/uploads\/2024\/10\/EN-Deep-Tissue_adam-768x768.png 768w, https:\/\/waxup.hu\/wp-content\/uploads\/2024\/10\/EN-Deep-Tissue_adam-12x12.png 12w\" sizes=\"(max-width: 800px) 100vw, 800px\" \/>\t\t\t\t\t\t\t\t\t\t\t\t\t\t<\/div>\n\t\t\t\t\t\t<\/div>\n\t\t\t\t<\/div>\n\t\t\t\t\t\t<\/div>\n\t\t\t\t\t<\/div>\n\t\t<\/div>\n\t\t\t\t\t\t\t\t<\/div>\n\t\t\t\t\t<\/div>\n\t\t<\/section>\n\t\t\t\t<section class=\"elementor-section elementor-top-section elementor-element elementor-element-02a733b elementor-section-boxed elementor-section-height-default elementor-section-height-default\" data-id=\"02a733b\" data-element_type=\"section\">\n\t\t\t\t\t\t<div class=\"elementor-container elementor-column-gap-default\">\n\t\t\t\t\t\t\t<div class=\"elementor-row\">\n\t\t\t\t\t<div class=\"elementor-column elementor-col-50 elementor-top-column elementor-element elementor-element-e9b1636\" data-id=\"e9b1636\" data-element_type=\"column\">\n\t\t\t<div class=\"elementor-column-wrap elementor-element-populated\">\n\t\t\t\t\t\t\t<div class=\"elementor-widget-wrap\">\n\t\t\t\t\t\t<div class=\"elementor-element elementor-element-52d302b elementor-widget elementor-widget-image\" data-id=\"52d302b\" data-element_type=\"widget\" data-widget_type=\"image.default\">\n\t\t\t\t<div class=\"elementor-widget-container\">\n\t\t\t\t\t\t\t\t<div class=\"elementor-image\">\n\t\t\t\t\t\t\t\t\t\t\t\t<img decoding=\"async\" width=\"800\" height=\"800\" src=\"https:\/\/waxup.hu\/wp-content\/uploads\/2024\/10\/EN-Cupping_adam.png\" class=\"attachment-large size-large\" alt=\"\" loading=\"lazy\" srcset=\"https:\/\/waxup.hu\/wp-content\/uploads\/2024\/10\/EN-Cupping_adam.png 1080w, https:\/\/waxup.hu\/wp-content\/uploads\/2024\/10\/EN-Cupping_adam-300x300.png 300w, https:\/\/waxup.hu\/wp-content\/uploads\/2024\/10\/EN-Cupping_adam-1024x1024.png 1024w, https:\/\/waxup.hu\/wp-content\/uploads\/2024\/10\/EN-Cupping_adam-150x150.png 150w, https:\/\/waxup.hu\/wp-content\/uploads\/2024\/10\/EN-Cupping_adam-768x768.png 768w, https:\/\/waxup.hu\/wp-content\/uploads\/2024\/10\/EN-Cupping_adam-12x12.png 12w\" sizes=\"(max-width: 800px) 100vw, 800px\" \/>\t\t\t\t\t\t\t\t\t\t\t\t\t\t<\/div>\n\t\t\t\t\t\t<\/div>\n\t\t\t\t<\/div>\n\t\t\t\t\t\t<\/div>\n\t\t\t\t\t<\/div>\n\t\t<\/div>\n\t\t\t\t<div class=\"elementor-column elementor-col-50 elementor-top-column elementor-element elementor-element-e12a36d\" data-id=\"e12a36d\" data-element_type=\"column\">\n\t\t\t<div class=\"elementor-column-wrap elementor-element-populated\">\n\t\t\t\t\t\t\t<div class=\"elementor-widget-wrap\">\n\t\t\t\t\t\t<div class=\"elementor-element elementor-element-9c3fa1c limited-borders elementor-widget elementor-widget-text-editor\" data-id=\"9c3fa1c\" data-element_type=\"widget\" data-widget_type=\"text-editor.default\">\n\t\t\t\t<div class=\"elementor-widget-container\">\n\t\t\t\t\t\t\t\t<div class=\"elementor-text-editor elementor-clearfix\">\n\t\t\t\t<strong>MASSAGING + CUPPING - BACK (60 MIN)<\/strong> Enhanced relaxation with the added benefits of cupping therapy.\t\t\t\t\t<\/div>\n\t\t\t\t\t\t<\/div>\n\t\t\t\t<\/div>\n\t\t\t\t<div class=\"elementor-element elementor-element-5331278 limited-borders elementor-widget elementor-widget-text-editor\" data-id=\"5331278\" data-element_type=\"widget\" data-widget_type=\"text-editor.default\">\n\t\t\t\t<div class=\"elementor-widget-container\">\n\t\t\t\t\t\t\t\t<div class=\"elementor-text-editor elementor-clearfix\">\n\t\t\t\t<strong>TISSUE MANIPULATION MASSAGE (30\/45 MIN)<\/strong> Targeted deep tissue work to relieve tension and improve circulation.\t\t\t\t\t<\/div>\n\t\t\t\t\t\t<\/div>\n\t\t\t\t<\/div>\n\t\t\t\t<div class=\"elementor-element elementor-element-1b06161 limited-borders elementor-widget elementor-widget-text-editor\" data-id=\"1b06161\" data-element_type=\"widget\" data-widget_type=\"text-editor.default\">\n\t\t\t\t<div class=\"elementor-widget-container\">\n\t\t\t\t\t\t\t\t<div class=\"elementor-text-editor elementor-clearfix\">\n\t\t\t\t<strong>LYMPHATIC MASSAGE (70 MIN)<\/strong> Gentle lymphatic drainage to detoxify and support a healthier immune system.\t\t\t\t\t<\/div>\n\t\t\t\t\t\t<\/div>\n\t\t\t\t<\/div>\n\t\t\t\t\t\t<\/div>\n\t\t\t\t\t<\/div>\n\t\t<\/div>\n\t\t\t\t\t\t\t\t<\/div>\n\t\t\t\t\t<\/div>\n\t\t<\/section>\n\t\t\t\t<section class=\"elementor-section elementor-top-section elementor-element elementor-element-ad7c511 elementor-section-boxed elementor-section-height-default elementor-section-height-default\" data-id=\"ad7c511\" data-element_type=\"section\">\n\t\t\t\t\t\t<div class=\"elementor-container elementor-column-gap-default\">\n\t\t\t\t\t\t\t<div class=\"elementor-row\">\n\t\t\t\t\t<div class=\"elementor-column elementor-col-50 elementor-top-column elementor-element elementor-element-e0a8dd0\" data-id=\"e0a8dd0\" data-element_type=\"column\">\n\t\t\t<div class=\"elementor-column-wrap elementor-element-populated\">\n\t\t\t\t\t\t\t<div class=\"elementor-widget-wrap\">\n\t\t\t\t\t\t<div class=\"elementor-element elementor-element-c3278a3 elementor-widget elementor-widget-text-editor\" data-id=\"c3278a3\" data-element_type=\"widget\" data-widget_type=\"text-editor.default\">\n\t\t\t\t<div class=\"elementor-widget-container\">\n\t\t\t\t\t\t\t\t<div class=\"elementor-text-editor elementor-clearfix\">\n\t\t\t\tTreat yourself to a rejuvenating massage experience today and discover how taking the time to care for yourself can make a profound difference in your life. Escape the stresses of everyday life and step into a place of peace and rejuvenation at Wax Up Salon. Your journey to holistic wellness begins here!\t\t\t\t\t<\/div>\n\t\t\t\t\t\t<\/div>\n\t\t\t\t<\/div>\n\t\t\t\t<div class=\"elementor-element elementor-element-3d2a742 elementor-widget elementor-widget-heading\" data-id=\"3d2a742\" data-element_type=\"widget\" data-widget_type=\"heading.default\">\n\t\t\t\t<div class=\"elementor-widget-container\">\n\t\t\t<h2 class=\"elementor-heading-title elementor-size-default\">BOOK TODAY AND Experience the transformative power of personalized treatments!<\/h2>\t\t<\/div>\n\t\t\t\t<\/div>\n\t\t\t\t<div class=\"elementor-element elementor-element-aa7c9ff elementor-align-justify elementor-widget elementor-widget-button\" data-id=\"aa7c9ff\" data-element_type=\"widget\" data-widget_type=\"button.default\">\n\t\t\t\t<div class=\"elementor-widget-container\">\n\t\t\t\t\t<div class=\"elementor-button-wrapper\">\n\t\t\t<a href=\"https:\/\/waxup.hu\/en\/idopontfoglalas\/\" class=\"elementor-button-link elementor-button elementor-size-sm elementor-animation-shrink\" role=\"button\">\n\t\t\t\t\t\t<span class=\"elementor-button-content-wrapper\">\n\t\t\t\t\t\t<span class=\"elementor-button-text\">Book here<\/span>\n\t\t<\/span>\n\t\t\t\t\t<\/a>\n\t\t<\/div>\n\t\t\t\t<\/div>\n\t\t\t\t<\/div>\n\t\t\t\t\t\t<\/div>\n\t\t\t\t\t<\/div>\n\t\t<\/div>\n\t\t\t\t<div class=\"elementor-column elementor-col-50 elementor-top-column elementor-element elementor-element-a4503d6\" data-id=\"a4503d6\" data-element_type=\"column\">\n\t\t\t<div class=\"elementor-column-wrap elementor-element-populated\">\n\t\t\t\t\t\t\t<div class=\"elementor-widget-wrap\">\n\t\t\t\t\t\t<div class=\"elementor-element elementor-element-241d948 elementor-widget elementor-widget-image\" data-id=\"241d948\" data-element_type=\"widget\" data-widget_type=\"image.default\">\n\t\t\t\t<div class=\"elementor-widget-container\">\n\t\t\t\t\t\t\t\t<div class=\"elementor-image\">\n\t\t\t\t\t\t\t\t\t\t\t\t<img decoding=\"async\" width=\"800\" height=\"800\" src=\"https:\/\/waxup.hu\/wp-content\/uploads\/2024\/10\/EN-lymphatic_adam.png\" class=\"attachment-large size-large\" alt=\"\" loading=\"lazy\" srcset=\"https:\/\/waxup.hu\/wp-content\/uploads\/2024\/10\/EN-lymphatic_adam.png 1080w, https:\/\/waxup.hu\/wp-content\/uploads\/2024\/10\/EN-lymphatic_adam-300x300.png 300w, https:\/\/waxup.hu\/wp-content\/uploads\/2024\/10\/EN-lymphatic_adam-1024x1024.png 1024w, https:\/\/waxup.hu\/wp-content\/uploads\/2024\/10\/EN-lymphatic_adam-150x150.png 150w, https:\/\/waxup.hu\/wp-content\/uploads\/2024\/10\/EN-lymphatic_adam-768x768.png 768w, https:\/\/waxup.hu\/wp-content\/uploads\/2024\/10\/EN-lymphatic_adam-12x12.png 12w\" sizes=\"(max-width: 800px) 100vw, 800px\" \/>\t\t\t\t\t\t\t\t\t\t\t\t\t\t<\/div>\n\t\t\t\t\t\t<\/div>\n\t\t\t\t<\/div>\n\t\t\t\t\t\t<\/div>\n\t\t\t\t\t<\/div>\n\t\t<\/div>\n\t\t\t\t\t\t\t\t<\/div>\n\t\t\t\t\t<\/div>\n\t\t<\/section>\n\t\t\t\t\t\t\t\t\t<\/div>\n\t\t\t<\/div>\n\t\t\t\t\t<\/div>","protected":false},"excerpt":{"rendered":"<p>k\u00fcl\u00f6nleges massz\u00e1zsok \u00dcdv\u00f6z\u00f6lj\u00fck a Wax Up Szalonban \u2013 a j\u00f3l\u00e9t \u00e9s meg\u00fajul\u00e1s szent\u00e9ly\u00e9ben! A Wax Up Szalonban hisz\u00fcnk abban, hogy a val\u00f3di sz\u00e9ps\u00e9g bel\u00fclr\u0151l fakad. \u00c9ppen ez\u00e9rt szak\u00e9rt\u0151 terapeut\u00e1nk testreszabott massz\u00e1zskezel\u00e9seket k\u00edn\u00e1l, amelyek az egyedi ig\u00e9nyeidhez igazodnak. Sz\u00e9lesk\u00f6r\u0171 massz\u00e1zstechnik\u00e1k c\u00e9lja, hogy harmoniz\u00e1lj\u00e1k az elm\u00e9t, a testet \u00e9s a lelket, ezzel megnyitva egy olyan vil\u00e1got, amely [&hellip;]<\/p>","protected":false},"author":9,"featured_media":0,"parent":0,"menu_order":0,"comment_status":"closed","ping_status":"closed","template":"","meta":[],"_links":{"self":[{"href":"https:\/\/waxup.hu\/en\/wp-json\/wp\/v2\/pages\/3468"}],"collection":[{"href":"https:\/\/waxup.hu\/en\/wp-json\/wp\/v2\/pages"}],"about":[{"href":"https:\/\/waxup.hu\/en\/wp-json\/wp\/v2\/types\/page"}],"author":[{"embeddable":true,"href":"https:\/\/waxup.hu\/en\/wp-json\/wp\/v2\/users\/9"}],"replies":[{"embeddable":true,"href":"https:\/\/waxup.hu\/en\/wp-json\/wp\/v2\/comments?post=3468"}],"version-history":[{"count":73,"href":"https:\/\/waxup.hu\/en\/wp-json\/wp\/v2\/pages\/3468\/revisions"}],"predecessor-version":[{"id":3890,"href":"https:\/\/waxup.hu\/en\/wp-json\/wp\/v2\/pages\/3468\/revisions\/3890"}],"wp:attachment":[{"href":"https:\/\/waxup.hu\/en\/wp-json\/wp\/v2\/media?parent=3468"}],"curies":[{"name":"wp","href":"https:\/\/api.w.org\/{rel}","templated":true}]}}